{"id":223,"date":"2021-04-29T21:35:31","date_gmt":"2021-04-29T19:35:31","guid":{"rendered":"https:\/\/fahrschule-stumm.de\/?page_id=223"},"modified":"2021-04-29T21:38:34","modified_gmt":"2021-04-29T19:38:34","slug":"datenschutz","status":"publish","type":"page","link":"https:\/\/fahrschule-stumm.de\/?page_id=223","title":{"rendered":"Datenschutz"},"content":{"rendered":"\n<div style=\"height:100px\" aria-hidden=\"true\" class=\"wp-block-spacer\"><\/div>\n\n\n\n<h2 class=\"wp-block-heading\"><strong>Datenschutz<\/strong><\/h2>\n\n\n\n<div style=\"height:100px\" aria-hidden=\"true\" class=\"wp-block-spacer\"><\/div>\n\n\n\n<p>     Wir nehmen den Schutz Ihrer pers\u00f6nlichen Daten sehr  ernst und halten uns strikt an die Regeln der Datenschutzgesetze.      Die nachfolgende Erkl\u00e4rung gibt Ihnen einen \u00dcberblick dar\u00fcber, wie wir diesen Schutz gew\u00e4hrleisten und welche Art  von Daten zu welchem Zweck erhoben werden.     <\/p>\n\n\n\n<p>\n     <strong>1. Datenverarbeitung auf dieser Internetseite<br><\/strong>\n     Unser System erhebt und speichert automatisch in seinen Server Log Files Informationen, die Ihr Browser an uns \u00fcbermittelt.\n     Diese sind:\n     <\/p>\n\n\n\n<ul class=\"wp-block-list\"><li>Browsertyp\/ -version<\/li><li>verwendetes Betriebssystem<\/li><li>Referrer URL (die zuvor besuchte Seite, bspw. Google)<\/li><li>Hostname des zugreifenden Rechners (IP Adresse)<\/li><li>Uhrzeit der Serveranfrage.<\/li><\/ul>\n\n\n\n<p>\n     Diese Daten k\u00f6nnen nicht bestimmten Personen zugeordnet werden.\n     Eine Zusammenf\u00fchrung dieser Daten mit anderen Datenquellen wird \nnicht vorgenommen, die Daten werden zudem nach einer statistischen \nAuswertung gel\u00f6scht.\n    \n\n    <\/p>\n\n\n\n<p>\n     <strong>2. Cookies<br><\/strong>\n     Die Internetseiten verwenden an mehreren Stellen sogenannte Cookies.\n     Sie dienen dazu, unser Angebot nutzerfreundlicher, effektiver und sicherer zu machen.\n     Cookies sind kleine Textdateien, die auf Ihrem Rechner abgelegt werden und die Ihr Browser speichert.\n     Die meisten der von uns verwendeten Cookies sind so genannte &#8222;Session-Cookies.\n     Sie werden nach Ende Ihres Besuchs automatisch gel\u00f6scht.\n     Cookies richten auf Ihrem Rechner keinen Schaden an und enthalten keine Viren.\n    <\/p>\n\n\n\n<p>\n     <strong>3. Newsletter<br><\/strong>\n     Wenn Sie einen auf unserer Webseite angebotenen Newsletter \nempfangen m\u00f6chten, ben\u00f6tigen wir von Ihnen eine g\u00fcltige Email-Adresse \nsowie Informationen, die uns die \u00dcberpr\u00fcfung gestatten, dass Sie der\/die\n Inhaber\/in der angegebenen Email-Adresse sind bzw. deren Inhaber\/in mit\n dem Empfang des Newsletters einverstanden ist.\n     Weitere Daten werden nicht erhoben.\n     Ihre Einwilligung zur Speicherung der Daten, der Email-Adresse \nsowie deren Nutzung zum Versand des Newsletters k\u00f6nnen Sie jederzeit \nwiderrufen.\n    <\/p>\n\n\n\n<p>      <strong>6. Links zu Webseiten anderer Anbieter<br><\/strong>      Unsere Webseiten k\u00f6nnen Links zu Webseiten anderer Anbieter  enthalten.      Wir weisen darauf hin, dass diese Datenschutzerkl\u00e4rung  ausschlie\u00dflich f\u00fcr die Webseite IT-Stralsund.de gilt.      Wir haben keinen Einfluss darauf und kontrollieren nicht, dass  andere Anbieter die geltenden Datenschutzbestimmungen einhalten.     <\/p>\n\n\n\n<p>\n     <strong>7. Auskunftsrecht<br><\/strong>\n     Sie haben jederzeit das Recht auf Auskunft \u00fcber die bez\u00fcglich Ihrer\n Person gespeicherten Daten, deren Herkunft und Empf\u00e4nger, sowie den \nZweck der Speicherung.\n     Auskunft \u00fcber die gespeicherten Daten erhalten Sie unter folgender \nAnschrift:\n     <\/p>\n\n\n\n<ul class=\"wp-block-list\"><li>IT-Dienstleistungen Stralsund<\/li><li>Sebastian Severin<\/li><li>Gro\u00dfer Diebsteig 32<\/li><li>D-18439 Stralsund<\/li><li>Telefon: +1575\/8514868<\/li><li>eMail: info@it-stralsund.de<\/li><li>Web: www.it-stralsund.de<\/li><\/ul>\n\n\n\n<p>\n     <strong>8. Weitergabe an Dritte<br><\/strong>\n     Ihre personenbezogenen Daten werden an Dritte nur weitergegeben \noder sonst \u00fcbermittelt, wenn dies zum Zwecke der Vertragsabwicklung &#8211; \ninsbesondere Weitergabe von Bestelldaten an Lieferanten, und zu \nAbrechnungszwecken erforderlich ist oder Sie zuvor eingewilligt haben.\n     Sie haben das Recht, eine erteilte Einwilligung mit Wirkung f\u00fcr die\n Zukunft jederzeit zu widerrufen.\n     Die Weitergabe Ihrer Daten an Dritte au\u00dferhalb einer Bestellung und\n Abwicklung ist ausgeschlossen.\n     Gleiches gilt f\u00fcr die Weitergabe an Dritte zu allgemeinen \nWerbezwecken oder der Markt- und Meinungsforschung.\n    <\/p>\n\n\n\n<p>\n     <strong>9. Einbeziehung, \u00c4nderung der Datenschutzerkl\u00e4rung<br><\/strong>\n     Mit der Nutzung unserer Webseite willigen Sie in die vorab \nbeschriebene Datenverwendung ein.\n     Durch die Weiterentwicklung unserer Webseite oder die \nImplementierung neuer Technologien kann es notwendig werden, diese \nDatenschutzerkl\u00e4rung zu \u00e4ndern.\n     Wir behalten uns vor, die Datenschutzerkl\u00e4rung jederzeit mit \nWirkung f\u00fcr die Zukunft zu \u00e4ndern.\n     Wir empfehlen Ihnen, sich die aktuelle Datenschutzerkl\u00e4rung von \nZeit zu Zeit erneut durchzulesen.\n     Aktualisierung: 05.05.2011\n    <\/p>\n\n\n\n<p>\n     <strong>10. Weitere Informationen<br><\/strong>\n     Ihr Vertrauen ist uns wichtig.\n     Daher m\u00f6chten wir Ihnen jederzeit Rede und Antwort bez\u00fcglich der \nVerarbeitung Ihrer personenbezogenen Daten stehen.\n     Wenn Sie Fragen haben, die Ihnen diese Datenschutzerkl\u00e4rung nicht \nbeantworten konnte oder wenn Sie zu einem Punkt vertiefte Informationen \nw\u00fcnschen, wenden Sie sich bitte an:\n     <\/p>\n\n\n\n<ul class=\"wp-block-list\"><li>IT-Dienstleistungen Stralsund<\/li><li>Sebastian Severin<\/li><li>Gro\u00dfer DIebsteig 32<\/li><li>D-18439 Stralsund<\/li><li>eMail: info@it-stralsund.de<\/li><li>Web: www.it-stralsund.de<\/li><\/ul>\n","protected":false},"excerpt":{"rendered":"<p>Datenschutz Wir nehmen den Schutz Ihrer pers\u00f6nlichen Daten sehr ernst und halten uns strikt an die Regeln der Datenschutzgesetze. Die nachfolgende Erkl\u00e4rung gibt Ihnen einen \u00dcberblick dar\u00fcber, wie wir diesen Schutz gew\u00e4hrleisten und welche Art von Daten zu welchem Zweck erhoben werden. 1. Datenverarbeitung auf dieser Internetseite Unser System erhebt und speichert automatisch in seinen Server Log Files Informationen, die Ihr Browser an uns \u00fcbermittelt. Diese sind: Browsertyp\/ -version verwendetes Betriebssystem Referrer URL (die zuvor besuchte Seite, bspw. Google) Hostname des zugreifenden Rechners (IP Adresse) Uhrzeit der Serveranfrage. Diese Daten k\u00f6nnen nicht bestimmten Personen zugeordnet werden. Eine Zusammenf\u00fchrung dieser Daten mit anderen Datenquellen wird nicht vorgenommen, die Daten werden zudem nach einer statistischen Auswertung gel\u00f6scht. 2. Cookies Die Internetseiten verwenden an mehreren Stellen sogenannte Cookies. Sie dienen dazu, unser Angebot nutzerfreundlicher, effektiver und sicherer zu machen. Cookies sind kleine Textdateien, die auf Ihrem Rechner abgelegt werden und die Ihr Browser speichert. Die meisten der von uns verwendeten Cookies sind so genannte &#8222;Session-Cookies. Sie werden nach Ende Ihres Besuchs automatisch gel\u00f6scht. Cookies richten auf Ihrem Rechner keinen Schaden an und enthalten keine Viren. 3. Newsletter Wenn Sie einen auf unserer Webseite angebotenen Newsletter empfangen m\u00f6chten, ben\u00f6tigen wir von Ihnen eine g\u00fcltige Email-Adresse sowie Informationen, die uns die \u00dcberpr\u00fcfung gestatten, dass Sie der\/die Inhaber\/in der angegebenen Email-Adresse sind bzw. deren Inhaber\/in mit dem Empfang des Newsletters einverstanden ist. Weitere Daten werden nicht erhoben. Ihre Einwilligung zur Speicherung der Daten, der Email-Adresse sowie deren Nutzung zum Versand des Newsletters k\u00f6nnen Sie jederzeit widerrufen. 6. Links zu Webseiten anderer Anbieter Unsere Webseiten k\u00f6nnen Links zu Webseiten anderer Anbieter enthalten. Wir weisen darauf hin, dass diese Datenschutzerkl\u00e4rung ausschlie\u00dflich f\u00fcr die Webseite IT-Stralsund.de gilt. Wir haben keinen Einfluss darauf und kontrollieren nicht, dass andere Anbieter die geltenden Datenschutzbestimmungen einhalten. 7. Auskunftsrecht Sie haben jederzeit das Recht auf Auskunft \u00fcber die bez\u00fcglich Ihrer Person gespeicherten Daten, deren Herkunft und Empf\u00e4nger, sowie den Zweck der Speicherung. Auskunft \u00fcber die gespeicherten Daten erhalten Sie unter folgender Anschrift: IT-Dienstleistungen Stralsund Sebastian Severin Gro\u00dfer Diebsteig 32 D-18439 Stralsund Telefon: +1575\/8514868 eMail: info@it-stralsund.de Web: www.it-stralsund.de 8. Weitergabe an Dritte Ihre personenbezogenen Daten werden an Dritte nur weitergegeben oder sonst \u00fcbermittelt, wenn dies zum Zwecke der Vertragsabwicklung &#8211; insbesondere Weitergabe von Bestelldaten an Lieferanten, und zu Abrechnungszwecken erforderlich ist oder Sie zuvor eingewilligt haben. Sie haben das Recht, eine erteilte Einwilligung mit Wirkung f\u00fcr die Zukunft jederzeit zu widerrufen. Die Weitergabe Ihrer Daten an Dritte au\u00dferhalb einer Bestellung und Abwicklung ist ausgeschlossen. Gleiches gilt f\u00fcr die Weitergabe an Dritte zu allgemeinen Werbezwecken oder der Markt- und Meinungsforschung. 9. Einbeziehung, \u00c4nderung der Datenschutzerkl\u00e4rung Mit der Nutzung unserer Webseite willigen Sie in die vorab beschriebene Datenverwendung ein. Durch die Weiterentwicklung unserer Webseite oder die Implementierung neuer Technologien kann es notwendig werden, diese Datenschutzerkl\u00e4rung zu \u00e4ndern. Wir behalten uns vor, die Datenschutzerkl\u00e4rung jederzeit mit Wirkung f\u00fcr die Zukunft zu \u00e4ndern. Wir empfehlen Ihnen, sich die aktuelle Datenschutzerkl\u00e4rung von Zeit zu Zeit erneut durchzulesen. Aktualisierung: 05.05.2011 10. Weitere Informationen Ihr Vertrauen ist uns wichtig. Daher m\u00f6chten wir Ihnen jederzeit Rede und Antwort bez\u00fcglich der Verarbeitung Ihrer personenbezogenen Daten stehen. Wenn Sie Fragen haben, die Ihnen diese Datenschutzerkl\u00e4rung nicht beantworten konnte oder wenn Sie zu einem Punkt vertiefte Informationen w\u00fcnschen, wenden Sie sich bitte an: IT-Dienstleistungen Stralsund Sebastian Severin Gro\u00dfer DIebsteig 32 D-18439 Stralsund eMail: info@it-stralsund.de Web: www.it-stralsund.de<\/p>\n","protected":false},"author":1,"featured_media":0,"parent":0,"menu_order":0,"comment_status":"closed","ping_status":"closed","template":"","meta":{"footnotes":""},"class_list":["post-223","page","type-page","status-publish","hentry"],"_links":{"self":[{"href":"https:\/\/fahrschule-stumm.de\/index.php?rest_route=\/wp\/v2\/pages\/223","targetHints":{"allow":["GET"]}}],"collection":[{"href":"https:\/\/fahrschule-stumm.de\/index.php?rest_route=\/wp\/v2\/pages"}],"about":[{"href":"https:\/\/fahrschule-stumm.de\/index.php?rest_route=\/wp\/v2\/types\/page"}],"author":[{"embeddable":true,"href":"https:\/\/fahrschule-stumm.de\/index.php?rest_route=\/wp\/v2\/users\/1"}],"replies":[{"embeddable":true,"href":"https:\/\/fahrschule-stumm.de\/index.php?rest_route=%2Fwp%2Fv2%2Fcomments&post=223"}],"version-history":[{"count":1,"href":"https:\/\/fahrschule-stumm.de\/index.php?rest_route=\/wp\/v2\/pages\/223\/revisions"}],"predecessor-version":[{"id":224,"href":"https:\/\/fahrschule-stumm.de\/index.php?rest_route=\/wp\/v2\/pages\/223\/revisions\/224"}],"wp:attachment":[{"href":"https:\/\/fahrschule-stumm.de\/index.php?rest_route=%2Fwp%2Fv2%2Fmedia&parent=223"}],"curies":[{"name":"wp","href":"https:\/\/api.w.org\/{rel}","templated":true}]}}